{"id":20138,"date":"2026-01-06T21:41:25","date_gmt":"2026-01-06T21:41:25","guid":{"rendered":"https:\/\/camedyc.com\/?page_id=20138"},"modified":"2026-03-28T06:04:17","modified_gmt":"2026-03-28T06:04:17","slug":"about-us","status":"publish","type":"page","link":"https:\/\/camedyc.com\/fr\/about-us\/","title":{"rendered":"About us"},"content":{"rendered":"<div data-elementor-type=\"wp-page\" data-elementor-id=\"20138\" class=\"elementor elementor-20138\" data-elementor-post-type=\"page\">\n\t\t\t\t<div class=\"elementor-element elementor-element-0b845b1 e-flex e-con-boxed e-con e-parent\" data-id=\"0b845b1\" data-element_type=\"container\">\n\t\t\t\t\t<div class=\"e-con-inner\">\n\t\t<div class=\"elementor-element elementor-element-cf92841 e-con-full e-flex e-con e-child\" data-id=\"cf92841\" data-element_type=\"container\">\n\t\t\t\t<div class=\"elementor-element elementor-element-2b8eb9d elementor-widget elementor-widget-image\" data-id=\"2b8eb9d\" data-element_type=\"widget\" data-widget_type=\"image.default\">\n\t\t\t\t\t\t\t\t\t\t\t\t\t\t\t<img fetchpriority=\"high\" decoding=\"async\" width=\"800\" height=\"534\" src=\"https:\/\/camedyc.com\/wp-content\/uploads\/2026\/01\/f50033a5-2cba-4971-a56d-0631ad4885de-1024x683.jpg\" class=\"attachment-large size-large wp-image-20140\" alt=\"\" srcset=\"https:\/\/camedyc.com\/wp-content\/uploads\/2026\/01\/f50033a5-2cba-4971-a56d-0631ad4885de-1024x683.jpg 1024w, https:\/\/camedyc.com\/wp-content\/uploads\/2026\/01\/f50033a5-2cba-4971-a56d-0631ad4885de-300x200.jpg 300w, https:\/\/camedyc.com\/wp-content\/uploads\/2026\/01\/f50033a5-2cba-4971-a56d-0631ad4885de-768x512.jpg 768w, https:\/\/camedyc.com\/wp-content\/uploads\/2026\/01\/f50033a5-2cba-4971-a56d-0631ad4885de-600x400.jpg 600w, https:\/\/camedyc.com\/wp-content\/uploads\/2026\/01\/f50033a5-2cba-4971-a56d-0631ad4885de.jpg 1080w\" sizes=\"(max-width: 800px) 100vw, 800px\" \/>\t\t\t\t\t\t\t\t\t\t\t\t\t\t\t<\/div>\n\t\t\t\t<div class=\"elementor-element elementor-element-4a86602 elementor-widget elementor-widget-image\" data-id=\"4a86602\" data-element_type=\"widget\" data-widget_type=\"image.default\">\n\t\t\t\t\t\t\t\t\t\t\t\t\t\t\t<img decoding=\"async\" width=\"800\" height=\"533\" src=\"https:\/\/camedyc.com\/wp-content\/uploads\/2026\/03\/Camedyc-2-1024x682.png\" class=\"attachment-large size-large wp-image-20506\" alt=\"\" srcset=\"https:\/\/camedyc.com\/wp-content\/uploads\/2026\/03\/Camedyc-2-1024x682.png 1024w, https:\/\/camedyc.com\/wp-content\/uploads\/2026\/03\/Camedyc-2-300x200.png 300w, https:\/\/camedyc.com\/wp-content\/uploads\/2026\/03\/Camedyc-2-768x511.png 768w, https:\/\/camedyc.com\/wp-content\/uploads\/2026\/03\/Camedyc-2-600x399.png 600w, https:\/\/camedyc.com\/wp-content\/uploads\/2026\/03\/Camedyc-2.png 1280w\" sizes=\"(max-width: 800px) 100vw, 800px\" \/>\t\t\t\t\t\t\t\t\t\t\t\t\t\t\t<\/div>\n\t\t\t\t<\/div>\n\t\t<div class=\"elementor-element elementor-element-a11a128 e-con-full e-flex e-con e-child\" data-id=\"a11a128\" data-element_type=\"container\">\n\t\t\t\t<div class=\"elementor-element elementor-element-8995780 elementor-widget elementor-widget-heading\" data-id=\"8995780\" data-element_type=\"widget\" data-widget_type=\"heading.default\">\n\t\t\t\t\t<h3 class=\"elementor-heading-title elementor-size-default\">Qui sommes nou?<\/h3>\t\t\t\t<\/div>\n\t\t\t\t<div class=\"elementor-element elementor-element-598160e elementor-widget elementor-widget-text-editor\" data-id=\"598160e\" data-element_type=\"widget\" data-widget_type=\"text-editor.default\">\n\t\t\t\t\t\t\t\t\t<p>CAMEDYC se yon sant&nbsp; ospitalye&nbsp; konpl\u00e8 kote ou ap jwenn&nbsp;<\/p>\n<ul>\n<li>Plis pase 15 espesyalis nan tout kalte&nbsp; dom\u00e8n nan la medsin&nbsp;<\/li>\n<li>S\u00e8vis laboratwa ki bay rezilta nan yon tan tou kout&nbsp;<\/li>\n<li>\u2060Jwenn s\u00e8vis ijans 24\/7 ak ijantis sou plas epi s\u00e8vis mat\u00e8nite&nbsp; (akouchman n\u00f2mal&nbsp; ak sezary\u00e8n san pedi tan)&nbsp;<\/li>\n<li>\u2060S\u00e8vis imajri( sonografi ak radyografi ak ECG )&nbsp;<\/li>\n<li>\u2060S\u00e8vis etid Anatomopatolojik Tankou (byopsi , Pap t\u00e8s \u2026)&nbsp;<\/li>\n<li>\u2060S\u00e8vis ospitalizasyon ak sal operasyon 24\/7&nbsp;<\/li>\n<li>\u2060Famasi&nbsp;<\/li>\n<li>\u2060S\u00e8vis sante kominot\u00e8 av\u00e8k pwogram sante solid ak kouv\u00e8ti entegral&nbsp;<\/li>\n<li>\u2060S\u00e8vis Anbilansye pou transp\u00f2te malad an ijans epi sove lavi&nbsp;<\/li>\n<li>\u2060S\u00e8vis sante Mantal pou fanmi ,&nbsp; j\u00e8n , granmoun , fanm ansent,pwofesyon\u00e8l .&nbsp;<\/li>\n<li>\u2060S\u00e8vis f\u00f2masyon kontini pou estaf lopital ak tout moun nan div\u00e8s dom\u00e8n&nbsp;<\/li>\n<\/ul>\n<div>&nbsp;<span style=\"letter-spacing: 0px; word-spacing: 0em;\">Tout nan menm Lokal nou an<\/span><\/div>\n<p><span style=\"letter-spacing: 0px; word-spacing: 0em;\">Nan Camedyc nou mete sante ak diyite pasyan yo an premye.<\/span><\/p>\n<p><span style=\"letter-spacing: 0px; word-spacing: 0em;\">Nou ofri swen mod\u00e8n, aksesib ak pwofesyon\u00e8l , nan yon anviw\u00f2nman kote chak moun santi yo ba yo tout atansyon yo merite, konprann yo epi ba yo bon jan swen&nbsp;<\/span><\/p>\n<p><span style=\"letter-spacing: 0px; word-spacing: 0em;\">Av\u00e8k yon ekip pwofesyon\u00e8l ki atantif&nbsp; epi ki byen senpatize ak pasyan yo , misyon nou se amelyore kalite lavi chak pasyan ki f\u00e8 nou konfyans.<\/span><\/p>\n<p><span style=\"letter-spacing: 0px; word-spacing: 0em;\">L\u00e8 ou vini nan CAMEDYC ,&nbsp;<\/span><\/p>\n<p><span style=\"font-weight: 400;\">Ou vini pou :<\/span><\/p>\n<ul>\n<li><span style=\"font-weight: 400;\">Yo koute w,<\/span><\/li>\n<li><span style=\"font-weight: 400;\">Yo konprann ou,<\/span><\/li>\n<li><span style=\"font-weight: 400;\">Yo akonpaye w,<\/span><\/li>\n<li><span style=\"font-weight: 400;\">Yo pran swen w ak resp\u00e8.<\/span><\/li>\n<li><span style=\"font-weight: 400;\"> Epi ba ou bon jan tr\u00e8tman selon maladi ke ou genyen an&nbsp;<\/span><\/li>\n<\/ul>\n<p><span style=\"font-weight: 400;\">Chak moun ki antre lakay nou&nbsp;<\/span><span style=\"letter-spacing: 0px; word-spacing: 0em;\">dwe santi li an sekirite,an konfyans, epi byen pran swen<\/span><\/p>\t\t\t\t\t\t\t\t<\/div>\n\t\t\t\t<\/div>\n\t\t\t\t\t<\/div>\n\t\t\t\t<\/div>\n\t\t<div class=\"elementor-element elementor-element-3f15277b e-flex e-con-boxed e-con e-parent\" data-id=\"3f15277b\" data-element_type=\"container\" data-settings=\"{&quot;background_background&quot;:&quot;classic&quot;}\">\n\t\t\t\t\t<div class=\"e-con-inner\">\n\t\t<div class=\"elementor-element elementor-element-3aab4f27 e-con-full e-flex e-con e-child\" data-id=\"3aab4f27\" data-element_type=\"container\">\n\t\t\t\t<div class=\"elementor-element elementor-element-10a13290 elementor-widget elementor-widget-theme-site-logo elementor-widget-image\" data-id=\"10a13290\" data-element_type=\"widget\" data-widget_type=\"theme-site-logo.default\">\n\t\t\t\t\t\t\t\t\t\t\t<a href=\"https:\/\/camedyc.com\/fr\">\r\n\t\t\t<img decoding=\"async\" width=\"2560\" height=\"808\" src=\"https:\/\/camedyc.com\/wp-content\/uploads\/2025\/10\/lOHO-Reels-scaled.png\" class=\"attachment-full size-full wp-image-114\" alt=\"\" srcset=\"https:\/\/camedyc.com\/wp-content\/uploads\/2025\/10\/lOHO-Reels-scaled.png 2560w, https:\/\/camedyc.com\/wp-content\/uploads\/2025\/10\/lOHO-Reels-scaled-600x189.png 600w, https:\/\/camedyc.com\/wp-content\/uploads\/2025\/10\/lOHO-Reels-300x95.png 300w, https:\/\/camedyc.com\/wp-content\/uploads\/2025\/10\/lOHO-Reels-1024x323.png 1024w, https:\/\/camedyc.com\/wp-content\/uploads\/2025\/10\/lOHO-Reels-768x243.png 768w, https:\/\/camedyc.com\/wp-content\/uploads\/2025\/10\/lOHO-Reels-1536x485.png 1536w, https:\/\/camedyc.com\/wp-content\/uploads\/2025\/10\/lOHO-Reels-2048x647.png 2048w\" sizes=\"(max-width: 2560px) 100vw, 2560px\" \/>\t\t\t\t<\/a>\r\n\t\t\t\t\t\t\t\t\t\t\t<\/div>\n\t\t\t\t<\/div>\n\t\t<div class=\"elementor-element elementor-element-4046c40b e-con-full e-flex e-con e-child\" data-id=\"4046c40b\" data-element_type=\"container\">\n\t\t\t\t<div class=\"elementor-element elementor-element-2ce6b0b7 elementor-widget elementor-widget-heading\" data-id=\"2ce6b0b7\" data-element_type=\"widget\" data-widget_type=\"heading.default\">\n\t\t\t\t\t<h6 class=\"elementor-heading-title elementor-size-default\">Lyen<\/h6>\t\t\t\t<\/div>\n\t\t\t\t<div class=\"elementor-element elementor-element-2b0f7403 elementor-nav-menu--dropdown-none elementor-widget elementor-widget-nav-menu\" data-id=\"2b0f7403\" data-element_type=\"widget\" data-settings=\"{&quot;layout&quot;:&quot;vertical&quot;,&quot;submenu_icon&quot;:{&quot;value&quot;:&quot;&lt;svg aria-hidden=\\&quot;true\\&quot; class=\\&quot;e-font-icon-svg e-fas-caret-down\\&quot; viewBox=\\&quot;0 0 320 512\\&quot; xmlns=\\&quot;http:\\\/\\\/www.w3.org\\\/2000\\\/svg\\&quot;&gt;&lt;path d=\\&quot;M31.3 192h257.3c17.8 0 26.7 21.5 14.1 34.1L174.1 354.8c-7.8 7.8-20.5 7.8-28.3 0L17.2 226.1C4.6 213.5 13.5 192 31.3 192z\\&quot;&gt;&lt;\\\/path&gt;&lt;\\\/svg&gt;&quot;,&quot;library&quot;:&quot;fa-solid&quot;}}\" data-widget_type=\"nav-menu.default\">\n\t\t\t\t\t\t\t\t<nav aria-label=\"Menu\" class=\"elementor-nav-menu--main elementor-nav-menu__container elementor-nav-menu--layout-vertical e--pointer-none\">\r\n\t\t\t\t<ul id=\"menu-1-2b0f7403\" class=\"elementor-nav-menu sm-vertical\"><li class=\"menu-item menu-item-type-post_type menu-item-object-page menu-item-home menu-item-20167\"><a href=\"https:\/\/camedyc.com\/fr\/\" class=\"elementor-item\">Acceuil<\/a><\/li>\n<li class=\"menu-item menu-item-type-post_type menu-item-object-page menu-item-20168\"><a href=\"https:\/\/camedyc.com\/fr\/randevou\/\" class=\"elementor-item\">Rendez-vous<\/a><\/li>\n<li class=\"menu-item menu-item-type-post_type menu-item-object-page menu-item-20169\"><a href=\"https:\/\/camedyc.com\/fr\/s\/\" class=\"elementor-item\">Service<\/a><\/li>\n<li class=\"menu-item menu-item-type-post_type menu-item-object-page menu-item-20188\"><a href=\"https:\/\/camedyc.com\/fr\/about-us\/\" class=\"elementor-item\">Qui sommes nous<\/a><\/li>\n<li class=\"menu-item menu-item-type-post_type menu-item-object-page menu-item-20773\"><a href=\"https:\/\/camedyc.com\/fr\/swenplis\/\" class=\"elementor-item\">swenplis<\/a><\/li>\n<\/ul>\t\t\t<\/nav>\r\n\t\t\t\t\t\t<nav class=\"elementor-nav-menu--dropdown elementor-nav-menu__container\" aria-hidden=\"true\">\r\n\t\t\t\t<ul id=\"menu-2-2b0f7403\" class=\"elementor-nav-menu sm-vertical\"><li class=\"menu-item menu-item-type-post_type menu-item-object-page menu-item-home menu-item-20167\"><a href=\"https:\/\/camedyc.com\/fr\/\" class=\"elementor-item\" tabindex=\"-1\">Acceuil<\/a><\/li>\n<li class=\"menu-item menu-item-type-post_type menu-item-object-page menu-item-20168\"><a href=\"https:\/\/camedyc.com\/fr\/randevou\/\" class=\"elementor-item\" tabindex=\"-1\">Rendez-vous<\/a><\/li>\n<li class=\"menu-item menu-item-type-post_type menu-item-object-page menu-item-20169\"><a href=\"https:\/\/camedyc.com\/fr\/s\/\" class=\"elementor-item\" tabindex=\"-1\">Service<\/a><\/li>\n<li class=\"menu-item menu-item-type-post_type menu-item-object-page menu-item-20188\"><a href=\"https:\/\/camedyc.com\/fr\/about-us\/\" class=\"elementor-item\" tabindex=\"-1\">Qui sommes nous<\/a><\/li>\n<li class=\"menu-item menu-item-type-post_type menu-item-object-page menu-item-20773\"><a href=\"https:\/\/camedyc.com\/fr\/swenplis\/\" class=\"elementor-item\" tabindex=\"-1\">swenplis<\/a><\/li>\n<\/ul>\t\t\t<\/nav>\r\n\t\t\t\t\t\t<\/div>\n\t\t\t\t<\/div>\n\t\t<div class=\"elementor-element elementor-element-2867338f e-con-full e-flex e-con e-child\" data-id=\"2867338f\" data-element_type=\"container\">\n\t\t\t\t<div class=\"elementor-element elementor-element-4061041b elementor-widget elementor-widget-heading\" data-id=\"4061041b\" data-element_type=\"widget\" data-widget_type=\"heading.default\">\n\t\t\t\t\t<h6 class=\"elementor-heading-title elementor-size-default\">Kontakte nou<\/h6>\t\t\t\t<\/div>\n\t\t\t\t<div class=\"elementor-element elementor-element-3421f004 elementor-icon-list--layout-traditional elementor-list-item-link-full_width elementor-widget elementor-widget-icon-list\" data-id=\"3421f004\" data-element_type=\"widget\" data-widget_type=\"icon-list.default\">\n\t\t\t\t\t\t\t<ul class=\"elementor-icon-list-items\">\n\t\t\t\t\t\t\t<li class=\"elementor-icon-list-item\">\n\t\t\t\t\t\t\t\t\t\t\t<a href=\"mailto:contact@mysite.com\">\n\n\t\t\t\t\t\t\t\t\t\t\t<span class=\"elementor-icon-list-text\">Email: direction@camedyc.com<\/span>\n\t\t\t\t\t\t\t\t\t\t\t<\/a>\n\t\t\t\t\t\t\t\t\t<\/li>\n\t\t\t\t\t\t\t\t<li class=\"elementor-icon-list-item\">\n\t\t\t\t\t\t\t\t\t\t\t<a href=\"tel:123-456-7890\">\n\n\t\t\t\t\t\t\t\t\t\t\t<span class=\"elementor-icon-list-text\">Phone: +509 31225288<\/span>\n\t\t\t\t\t\t\t\t\t\t\t<\/a>\n\t\t\t\t\t\t\t\t\t<\/li>\n\t\t\t\t\t\t\t\t<li class=\"elementor-icon-list-item\">\n\t\t\t\t\t\t\t\t\t\t\t<a href=\"tel:123-456-7890\">\n\n\t\t\t\t\t\t\t\t\t\t\t<span class=\"elementor-icon-list-text\">Phone: +509 47090097<\/span>\n\t\t\t\t\t\t\t\t\t\t\t<\/a>\n\t\t\t\t\t\t\t\t\t<\/li>\n\t\t\t\t\t\t\t\t<li class=\"elementor-icon-list-item\">\n\t\t\t\t\t\t\t\t\t\t\t<a href=\"tel:123-456-7890\">\n\n\t\t\t\t\t\t\t\t\t\t\t<span class=\"elementor-icon-list-text\">Phone: +509 32184300<\/span>\n\t\t\t\t\t\t\t\t\t\t\t<\/a>\n\t\t\t\t\t\t\t\t\t<\/li>\n\t\t\t\t\t\t<\/ul>\n\t\t\t\t\t\t<\/div>\n\t\t\t\t<\/div>\n\t\t\t\t\t<\/div>\n\t\t\t\t<\/div>\n\t\t\t\t<\/div>","protected":false},"excerpt":{"rendered":"<p>Kiyes nou ye? CAMEDYC se yon sant&nbsp; ospitalye&nbsp; konpl\u00e8 kote ou ap jwenn&nbsp; Plis pase 15 espesyalis nan tout kalte&nbsp; dom\u00e8n nan la medsin&nbsp; S\u00e8vis laboratwa ki bay rezilta nan yon tan tou kout&nbsp; \u2060Jwenn s\u00e8vis ijans 24\/7 ak ijantis sou plas epi s\u00e8vis mat\u00e8nite&nbsp; (akouchman n\u00f2mal&nbsp; ak sezary\u00e8n san pedi tan)&nbsp; \u2060S\u00e8vis imajri( sonografi [&hellip;]<\/p>\n","protected":false},"author":1,"featured_media":0,"parent":0,"menu_order":0,"comment_status":"closed","ping_status":"closed","template":"","meta":{"footnotes":""},"class_list":["post-20138","page","type-page","status-publish","hentry"],"_hostinger_reach_plugin_has_subscription_block":false,"_hostinger_reach_plugin_is_elementor":false,"_links":{"self":[{"href":"https:\/\/camedyc.com\/fr\/wp-json\/wp\/v2\/pages\/20138","targetHints":{"allow":["GET"]}}],"collection":[{"href":"https:\/\/camedyc.com\/fr\/wp-json\/wp\/v2\/pages"}],"about":[{"href":"https:\/\/camedyc.com\/fr\/wp-json\/wp\/v2\/types\/page"}],"author":[{"embeddable":true,"href":"https:\/\/camedyc.com\/fr\/wp-json\/wp\/v2\/users\/1"}],"replies":[{"embeddable":true,"href":"https:\/\/camedyc.com\/fr\/wp-json\/wp\/v2\/comments?post=20138"}],"version-history":[{"count":25,"href":"https:\/\/camedyc.com\/fr\/wp-json\/wp\/v2\/pages\/20138\/revisions"}],"predecessor-version":[{"id":20514,"href":"https:\/\/camedyc.com\/fr\/wp-json\/wp\/v2\/pages\/20138\/revisions\/20514"}],"wp:attachment":[{"href":"https:\/\/camedyc.com\/fr\/wp-json\/wp\/v2\/media?parent=20138"}],"curies":[{"name":"wp","href":"https:\/\/api.w.org\/{rel}","templated":true}]}}